{"id":86,"date":"2021-03-21T20:33:16","date_gmt":"2021-03-21T20:33:16","guid":{"rendered":"https:\/\/www.urologienachod.cz\/index.php\/kontakty\/"},"modified":"2026-02-16T17:34:07","modified_gmt":"2026-02-16T17:34:07","slug":"kontakty","status":"publish","type":"page","link":"https:\/\/www.urologienachod.cz\/index.php\/kontakty\/","title":{"rendered":"kontakty"},"content":{"rendered":"\n    \n    <section class=\"u-clearfix u-image u-shading u-section-2\" id=\"sec-6f86\" data-image-width=\"1707\" data-image-height=\"2560\">\n      <div class=\"u-clearfix u-sheet u-valign-middle u-sheet-1\">\n        <h1 class=\"u-text u-text-default u-text-grey-80 u-title u-text-1\" data-animation-name=\"fadeIn\" data-animation-duration=\"2000\" data-animation-delay=\"0\">KONTAKTY <\/h1>\n        <img decoding=\"async\" class=\"u-image u-image-default u-image-1\" src=\"https:\/\/www.urologienachod.cz\/wp-content\/uploads\/2022\/03\/UNachodRGB-1.png\" alt=\"\" data-image-width=\"2362\" data-image-height=\"709\">\n      <\/div>\n    <\/section>\n    <section class=\"u-clearfix u-grey-5 u-valign-middle-md u-section-3\" id=\"carousel_6197\">\n      <div class=\"u-clearfix u-sheet u-sheet-1\">\n        <div class=\"u-list u-list-1\">\n          <div class=\"u-repeater u-repeater-1\">\n            <div class=\"u-align-center u-container-style u-custom-color-1 u-list-item u-opacity u-opacity-15 u-repeater-item u-list-item-1\">\n              <div class=\"u-container-layout u-similar-container u-valign-top u-container-layout-1\"><span class=\"u-icon u-icon-circle u-text-grey-80 u-icon-1\" data-animation-name=\"fadeIn\" data-animation-duration=\"2000\" data-animation-delay=\"0\" data-animation-direction=\"\"><svg class=\"u-svg-link\" preserveAspectRatio=\"xMidYMin slice\" viewBox=\"0 0 52 52\" style=\"\"><use xlink:href=\"#svg-077e\"><\/use><\/svg><svg class=\"u-svg-content\" viewBox=\"0 0 52 52\" x=\"0px\" y=\"0px\" id=\"svg-077e\" style=\"enable-background:new 0 0 52 52;\"><path style=\"fill:currentColor;\" d=\"M38.853,5.324L38.853,5.324c-7.098-7.098-18.607-7.098-25.706,0h0\n\tC6.751,11.72,6.031,23.763,11.459,31L26,52l14.541-21C45.969,23.763,45.249,11.72,38.853,5.324z M26.177,24c-3.314,0-6-2.686-6-6\n\ts2.686-6,6-6s6,2.686,6,6S29.491,24,26.177,24z\"><\/path><\/svg><\/span>\n                <h5 class=\"u-text u-text-grey-70 u-text-1\">adresa<\/h5>\n                <p class=\"u-text u-text-grey-75 u-text-2\"> Urologick\u00e1 ambulance&nbsp;<br>Poliklinika<br>N\u011bmcov\u00e9 738\/100,&nbsp;<br>N\u00e1chod&nbsp; 547 01\n                <\/p>\n              <\/div>\n            <\/div>\n            <div class=\"u-align-center u-container-style u-custom-color-1 u-list-item u-opacity u-opacity-15 u-repeater-item u-list-item-2\">\n              <div class=\"u-container-layout u-similar-container u-valign-top u-container-layout-2\"><span class=\"u-icon u-icon-circle u-icon-2\" data-animation-name=\"fadeIn\" data-animation-duration=\"2000\" data-animation-delay=\"0\" data-animation-direction=\"\"><svg class=\"u-svg-link\" preserveAspectRatio=\"xMidYMin slice\" viewBox=\"0 0 60 60\" style=\"\"><use xlink:href=\"#svg-7690\"><\/use><\/svg><svg class=\"u-svg-content\" viewBox=\"0 0 60 60\" x=\"0px\" y=\"0px\" id=\"svg-7690\" style=\"enable-background:new 0 0 60 60;\"><path d=\"M57.49,27H54v-7.268C54,18.226,52.774,17,51.268,17H50v-2.414V0H10v2H9H8H7v2H6H4v2v4H2.732C1.226,10,0,11.226,0,12.732\n\tv45.23l0.058,0.002c0.078,0.367,0.234,0.719,0.471,1.029C1.018,59.634,1.76,60,2.565,60h44.759c1.156,0,2.174-0.779,2.45-1.813\n\tL60,30.149v-0.177C60,28.25,58.944,27,57.49,27z M18,5h10c0.552,0,1,0.447,1,1s-0.448,1-1,1H18c-0.552,0-1-0.447-1-1S17.448,5,18,5z\n\t M18,12h24c0.552,0,1,0.447,1,1s-0.448,1-1,1H18c-0.552,0-1-0.447-1-1S17.448,12,18,12z M18,19h24c0.552,0,1,0.447,1,1s-0.448,1-1,1\n\tH18c-0.552,0-1-0.447-1-1S17.448,19,18,19z M2,51.526V12.732C2,12.328,2.329,12,2.732,12H4v34.041L2,51.526z M6,6h1v31.813l-1,2.743\n\tV6z M52,27h-5H12.731c-1.156,0-2.174,0.779-2.45,1.813L9,32.328V4h1v6v2v13v1h40v-1v-6h1.268C51.671,19,52,19.328,52,19.732V27z\"><\/path><\/svg><\/span>\n                <h5 class=\"u-text u-text-grey-70 u-text-3\">urologie nachod s.r.o<\/h5>\n                <p class=\"u-text u-text-grey-75 u-text-4\">\n                  <span style=\"font-size: 0.875rem;\">\n                    <span class=\"u-text-custom-color-7\" style=\"font-weight: 700;\"> S\u00eddlo:<\/span> Chlum 89, 503 12 V\u0161estary <br>\n                    <span class=\"u-text-custom-color-7\" style=\"font-weight: 700;\">I\u010cO:<\/span> 09400249 <br>\n                    <span class=\"u-text-custom-color-7\" style=\"font-weight: 700;\">Datov\u00e1 schr\u00e1nka:<\/span> jgzf29v\n                  <\/span>\n                  <span style=\"font-size: 0.875rem;\"><\/span>\n                <\/p>\n              <\/div>\n            <\/div>\n            <div class=\"u-align-center u-container-style u-custom-color-1 u-list-item u-opacity u-opacity-15 u-repeater-item u-list-item-3\">\n              <div class=\"u-container-layout u-similar-container u-valign-top u-container-layout-3\"><span class=\"u-icon u-icon-circle u-text-grey-80 u-icon-3\" data-animation-name=\"fadeIn\" data-animation-duration=\"2000\" data-animation-delay=\"0\" data-animation-direction=\"\"><svg class=\"u-svg-link\" preserveAspectRatio=\"xMidYMin slice\" viewBox=\"0 0 513.64 513.64\" style=\"\"><use xlink:href=\"#svg-9786\"><\/use><\/svg><svg class=\"u-svg-content\" viewBox=\"0 0 513.64 513.64\" x=\"0px\" y=\"0px\" id=\"svg-9786\" style=\"enable-background:new 0 0 513.64 513.64;\"><g><g><path d=\"M499.66,376.96l-71.68-71.68c-25.6-25.6-69.12-15.359-79.36,17.92c-7.68,23.041-33.28,35.841-56.32,30.72    c-51.2-12.8-120.32-79.36-133.12-133.12c-7.68-23.041,7.68-48.641,30.72-56.32c33.28-10.24,43.52-53.76,17.92-79.36l-71.68-71.68    c-20.48-17.92-51.2-17.92-69.12,0l-48.64,48.64c-48.64,51.2,5.12,186.88,125.44,307.2c120.32,120.32,256,176.641,307.2,125.44    l48.64-48.64C517.581,425.6,517.581,394.88,499.66,376.96z\"><\/path>\n<\/g>\n<\/g><\/svg><\/span>\n                <h5 class=\"u-text u-text-grey-70 u-text-5\">telefon<\/h5>\n                <p class=\"u-text u-text-grey-75 u-text-6\">\n                  <a class=\"u-active-none u-border-none u-btn u-button-link u-button-style u-hover-none u-none u-text-custom-color-6 u-text-hover-custom-color-4 u-btn-1\" href=\"tel:737253989\"> 737253989<\/a>\n                <\/p>\n              <\/div>\n            <\/div>\n            <div class=\"u-align-center u-container-style u-custom-color-1 u-list-item u-opacity u-opacity-15 u-repeater-item u-list-item-4\">\n              <div class=\"u-container-layout u-similar-container u-valign-top u-container-layout-4\"><span class=\"u-icon u-icon-circle u-text-grey-80 u-icon-4\" data-animation-name=\"fadeIn\" data-animation-duration=\"2000\" data-animation-delay=\"0\" data-animation-direction=\"\"><svg class=\"u-svg-link\" preserveAspectRatio=\"xMidYMin slice\" viewBox=\"0 0 512 512\" style=\"\"><use xlink:href=\"#svg-9f82\"><\/use><\/svg><svg class=\"u-svg-content\" viewBox=\"0 0 512 512\" x=\"0px\" y=\"0px\" id=\"svg-9f82\" style=\"enable-background:new 0 0 512 512;\"><g><g><path d=\"M507.49,101.721L352.211,256L507.49,410.279c2.807-5.867,4.51-12.353,4.51-19.279V121    C512,114.073,510.297,107.588,507.49,101.721z\"><\/path>\n<\/g>\n<\/g><g><g><path d=\"M467,76H45c-6.927,0-13.412,1.703-19.279,4.51l198.463,197.463c17.548,17.548,46.084,17.548,63.632,0L486.279,80.51    C480.412,77.703,473.927,76,467,76z\"><\/path>\n<\/g>\n<\/g><g><g><path d=\"M4.51,101.721C1.703,107.588,0,114.073,0,121v270c0,6.927,1.703,13.413,4.51,19.279L159.789,256L4.51,101.721z\"><\/path>\n<\/g>\n<\/g><g><g><path d=\"M331,277.211l-21.973,21.973c-29.239,29.239-76.816,29.239-106.055,0L181,277.211L25.721,431.49    C31.588,434.297,38.073,436,45,436h422c6.927,0,13.412-1.703,19.279-4.51L331,277.211z\"><\/path>\n<\/g>\n<\/g><\/svg><\/span>\n                <h5 class=\"u-text u-text-grey-70 u-text-7\">Email<\/h5>\n                <p class=\"u-text u-text-grey-75 u-text-8\">\n                  <a href=\"mailto:hello@theme.com\" class=\"u-active-none u-border-1 u-border-active-black u-border-hover-black u-btn u-button-link u-button-style u-hover-none u-none u-text-active-black u-text-custom-color-6 u-text-hover-custom-color-4 u-btn-2\"> ordinace@urologienachod.cz<\/a>\n                <\/p>\n              <\/div>\n            <\/div>\n          <\/div>\n        <\/div>\n      <\/div>\n    <\/section>\n    <section class=\"u-clearfix u-grey-5 u-section-4\" id=\"sec-6135\">\n      <div class=\"u-clearfix u-sheet u-sheet-1\"><\/div>\n    <\/section>\n    \n    \n    \n    \n  \n","protected":false},"excerpt":{"rendered":"<p>KONTAKTY adresa Urologick\u00e1 ambulance&nbsp;PoliklinikaN\u011bmcov\u00e9 738\/100,&nbsp;N\u00e1chod&nbsp; 547 01 urologie nachod s.r.o S\u00eddlo: Chlum 89, 503 12 V\u0161estary I\u010cO: 09400249 Datov\u00e1 schr\u00e1nka: jgzf29v telefon 737253989 Email ordinace@urologienachod.cz<\/p>\n","protected":false},"author":1,"featured_media":0,"parent":0,"menu_order":4,"comment_status":"closed","ping_status":"closed","template":"","meta":{"footnotes":""},"class_list":["post-86","page","type-page","status-publish","hentry"],"_links":{"self":[{"href":"https:\/\/www.urologienachod.cz\/index.php\/wp-json\/wp\/v2\/pages\/86","targetHints":{"allow":["GET"]}}],"collection":[{"href":"https:\/\/www.urologienachod.cz\/index.php\/wp-json\/wp\/v2\/pages"}],"about":[{"href":"https:\/\/www.urologienachod.cz\/index.php\/wp-json\/wp\/v2\/types\/page"}],"author":[{"embeddable":true,"href":"https:\/\/www.urologienachod.cz\/index.php\/wp-json\/wp\/v2\/users\/1"}],"replies":[{"embeddable":true,"href":"https:\/\/www.urologienachod.cz\/index.php\/wp-json\/wp\/v2\/comments?post=86"}],"version-history":[{"count":8,"href":"https:\/\/www.urologienachod.cz\/index.php\/wp-json\/wp\/v2\/pages\/86\/revisions"}],"predecessor-version":[{"id":295,"href":"https:\/\/www.urologienachod.cz\/index.php\/wp-json\/wp\/v2\/pages\/86\/revisions\/295"}],"wp:attachment":[{"href":"https:\/\/www.urologienachod.cz\/index.php\/wp-json\/wp\/v2\/media?parent=86"}],"curies":[{"name":"wp","href":"https:\/\/api.w.org\/{rel}","templated":true}]}}