{"id":85,"date":"2021-03-21T20:33:15","date_gmt":"2021-03-21T20:33:15","guid":{"rendered":"https:\/\/www.urologienachod.cz\/index.php\/o-nas\/"},"modified":"2025-01-05T19:50:32","modified_gmt":"2025-01-05T19:50:32","slug":"o-nas","status":"publish","type":"page","link":"https:\/\/www.urologienachod.cz\/index.php\/o-nas\/","title":{"rendered":"o n\u00e1s"},"content":{"rendered":"\n    \n    <section class=\"u-clearfix u-image u-shading u-section-2\" id=\"sec-ba24\" data-image-width=\"1707\" data-image-height=\"2560\">\n      <div class=\"u-clearfix u-sheet u-valign-middle-lg u-valign-middle-md u-sheet-1\">\n        <h1 class=\"u-text u-text-default u-text-grey-90 u-title u-text-1\" data-animation-name=\"fadeIn\" data-animation-duration=\"2000\" data-animation-delay=\"0\">O N\u00c1S <\/h1>\n        <img decoding=\"async\" class=\"u-image u-image-default u-image-1\" src=\"https:\/\/www.urologienachod.cz\/wp-content\/uploads\/2022\/03\/UNachodRGB-1.png\" alt=\"\" data-image-width=\"2362\" data-image-height=\"709\">\n      <\/div>\n    <\/section>\n    <section class=\"u-clearfix u-grey-5 u-section-3\" id=\"sec-9f0c\">\n      <div class=\"u-clearfix u-sheet u-sheet-1\">\n        <div class=\"u-clearfix u-expanded-width u-gutter-0 u-layout-spacing-vertical u-layout-wrap u-layout-wrap-1\">\n          <div class=\"u-layout\">\n            <div class=\"u-layout-row\">\n              <div class=\"u-align-left u-container-style u-layout-cell u-left-cell u-size-60 u-layout-cell-1\">\n                <div class=\"u-container-layout u-container-layout-1\">\n                  <p class=\"u-text u-text-1\">V\u00edtejte na str\u00e1nk\u00e1ch na\u0161\u00ed urologick\u00e9 ambulance.<br>\n                    <br>Jsme t\u00fdm ambulantn\u00edch specialistek s&nbsp;mnohaletou prax\u00ed v&nbsp;oboru urologie (ambulantn\u00ed, l\u016f\u017ekovou i <br>klinickou).<br>\n                    <br>Na\u0161\u00edm c\u00edlem je poskytnout sv\u00fdm klient\u016fm akutn\u00ed i preventivn\u00ed urologickou p\u00e9\u010di. Zabezpe\u010dit pro n\u011b jak standardn\u00ed, tak i specializovanou p\u00e9\u010di (andrologie, onkologick\u00e9 onemocn\u011bn\u00ed, neurogenn\u00ed urologick\u00e9 onemocn\u011bn\u00ed, \u2026). D\u00edky nov\u00e9mu instrument\u00e1riu nab\u00edz\u00edme sv\u00fdm klient\u016fm \u0161ir\u0161\u00ed spektrum urologick\u00fdch <br>chirurgick\u00fdch a diagnostick\u00fdch v\u00fdkon\u016f. Pro imobiln\u00ed (h\u016f\u0159e pohybliv\u00e9) pacienty s&nbsp;probl\u00e9mem dopravy, ve spolupr\u00e1ci s&nbsp;jejich praktick\u00fdm l\u00e9ka\u0159em, nab\u00eddneme specializovanou urologickou p\u00e9\u010di ve vlastn\u00edm soci\u00e1ln\u00edm prost\u0159ed\u00ed. Tak\u00e9 je u n\u00e1s mo\u017en\u00e1 p\u00e9\u010de o pacienty po urologick\u00fdch v\u00fdkonech (p\u0159evazy r\u00e1ny, p\u00e9\u010de o pacienty se stomi\u00ed, o pacienty s&nbsp;mo\u010dov\u00fdm kat\u00e9trem nebo epicystostomi\u00ed, o pacienty s&nbsp;jin\u00fdmi <br>derivacemi mo\u010de). R\u00e1dy se postar\u00e1me i o pacienty a pacientky s&nbsp;mo\u010den\u00edm v&nbsp;re\u017eimu \u010dist\u00e9 intermitentn\u00ed <br>katetrizace.<br>\n                    <br>L\u00e9ka\u0159ky ambulance maj\u00ed mnohalet\u00e9 zku\u0161enosti s&nbsp;pacienty s&nbsp;mo\u010dovou inkontinenc\u00ed (mu\u017ei i \u017eeny), tak\u00e9 s&nbsp;pacienty s&nbsp;urologick\u00fdmi onkologick\u00fdmi nemocemi. R\u00e1dy poskytneme odborn\u00e9 konzultace nebo druh\u00fd pohled na nemoc, na kterou m\u00e1 ka\u017ed\u00fd pacient ze z\u00e1kona n\u00e1rok (Z\u00e1kon 372\/2011 Sb., Z\u00e1kon o zdravotn\u00edch slu\u017eb\u00e1ch a podm\u00ednk\u00e1ch jejich poskytov\u00e1n\u00ed.)<br>\n                    <br>Preventivn\u00ed nebo kontroln\u00ed vy\u0161et\u0159en\u00ed prov\u00e1d\u00edme po p\u0159edchoz\u00edm objedn\u00e1n\u00ed od pond\u011blka do p\u00e1tku, mimo st\u00e1tn\u00ed sv\u00e1tky nebo dny pracovn\u00edho pokoje. Objedn\u00e1n\u00ed je mo\u017en\u00e9 osobn\u011b, telefonicky, emailem nebo prost\u0159ednictv\u00edm on-line formul\u00e1\u0159e.\n                  <\/p>\n                  <a href=\"https:\/\/www.urologienachod.cz\/index.php\/kontakty\/\" class=\"u-border-none u-btn u-btn-round u-button-style u-custom-color-3 u-hover-custom-color-1 u-radius-50 u-btn-1\" data-animation-name=\"fadeIn\" data-animation-duration=\"2000\" data-animation-delay=\"0\">kontakty<\/a>\n                <\/div>\n              <\/div>\n            <\/div>\n          <\/div>\n        <\/div>\n      <\/div>\n    <\/section>\n    <section class=\"u-clearfix u-grey-5 u-section-4\" id=\"sec-fb3c\">\n      <div class=\"u-clearfix u-sheet u-sheet-1\"><\/div>\n    <\/section>\n    \n    \n    \n    \n  \n","protected":false},"excerpt":{"rendered":"<p>O N\u00c1S V\u00edtejte na str\u00e1nk\u00e1ch na\u0161\u00ed urologick\u00e9 ambulance. Jsme t\u00fdm ambulantn\u00edch specialistek s&nbsp;mnohaletou prax\u00ed v&nbsp;oboru urologie (ambulantn\u00ed, l\u016f\u017ekovou i klinickou). Na\u0161\u00edm c\u00edlem je poskytnout sv\u00fdm klient\u016fm akutn\u00ed i preventivn\u00ed urologickou p\u00e9\u010di. Zabezpe\u010dit pro n\u011b jak standardn\u00ed, tak i specializovanou p\u00e9\u010di (andrologie, onkologick\u00e9 onemocn\u011bn\u00ed, neurogenn\u00ed urologick\u00e9 onemocn\u011bn\u00ed, \u2026). D\u00edky nov\u00e9mu instrument\u00e1riu nab\u00edz\u00edme sv\u00fdm klient\u016fm \u0161ir\u0161\u00ed spektrum &hellip; <a href=\"https:\/\/www.urologienachod.cz\/index.php\/o-nas\/\" class=\"more-link\">Continue reading<span class=\"screen-reader-text\"> &#8222;o n\u00e1s&#8220;<\/span><\/a><\/p>\n","protected":false},"author":1,"featured_media":0,"parent":0,"menu_order":3,"comment_status":"closed","ping_status":"closed","template":"","meta":{"footnotes":""},"class_list":["post-85","page","type-page","status-publish","hentry"],"_links":{"self":[{"href":"https:\/\/www.urologienachod.cz\/index.php\/wp-json\/wp\/v2\/pages\/85","targetHints":{"allow":["GET"]}}],"collection":[{"href":"https:\/\/www.urologienachod.cz\/index.php\/wp-json\/wp\/v2\/pages"}],"about":[{"href":"https:\/\/www.urologienachod.cz\/index.php\/wp-json\/wp\/v2\/types\/page"}],"author":[{"embeddable":true,"href":"https:\/\/www.urologienachod.cz\/index.php\/wp-json\/wp\/v2\/users\/1"}],"replies":[{"embeddable":true,"href":"https:\/\/www.urologienachod.cz\/index.php\/wp-json\/wp\/v2\/comments?post=85"}],"version-history":[{"count":8,"href":"https:\/\/www.urologienachod.cz\/index.php\/wp-json\/wp\/v2\/pages\/85\/revisions"}],"predecessor-version":[{"id":388,"href":"https:\/\/www.urologienachod.cz\/index.php\/wp-json\/wp\/v2\/pages\/85\/revisions\/388"}],"wp:attachment":[{"href":"https:\/\/www.urologienachod.cz\/index.php\/wp-json\/wp\/v2\/media?parent=85"}],"curies":[{"name":"wp","href":"https:\/\/api.w.org\/{rel}","templated":true}]}}