{"id":84,"date":"2021-03-21T20:33:14","date_gmt":"2021-03-21T20:33:14","guid":{"rendered":"https:\/\/www.urologienachod.cz\/index.php\/home\/"},"modified":"2026-03-25T20:37:01","modified_gmt":"2026-03-25T20:37:01","slug":"home","status":"publish","type":"page","link":"https:\/\/www.urologienachod.cz\/","title":{"rendered":"Urologie N\u00e1chod"},"content":{"rendered":"\n    \n    <section class=\"u-clearfix u-valign-middle-lg u-valign-middle-md u-valign-middle-sm u-valign-middle-xs u-section-2\" id=\"sec-84e1\">\n      <div data-interval=\"5000\" data-u-ride=\"carousel\" class=\"u-carousel u-carousel-duration-1000 u-expanded-width u-slider u-slider-1\" id=\"carousel-1540\">\n        <ol class=\"u-absolute-hcenter u-carousel-indicators u-carousel-indicators-1\">\n          <li data-u-target=\"#carousel-1540\" class=\"u-active u-grey-30\" data-u-slide-to=\"0\"><\/li>\n          <li data-u-target=\"#carousel-1540\" class=\"u-grey-30\" data-u-slide-to=\"1\"><\/li>\n        <\/ol>\n        <div class=\"u-carousel-inner\" role=\"listbox\">\n          <div class=\"u-active u-carousel-item u-container-style u-image u-shading u-slide u-image-1\" data-image-width=\"2560\" data-image-height=\"1387\">\n            <div class=\"u-container-layout u-valign-middle-xs u-container-layout-1\">\n              <img decoding=\"async\" class=\"u-image u-image-default u-image-2\" src=\"https:\/\/www.urologienachod.cz\/wp-content\/uploads\/2022\/03\/UNachodRGB-1.png\" alt=\"\" data-image-width=\"2362\" data-image-height=\"709\">\n              <p class=\"u-align-center u-custom-font u-heading-font u-text u-text-grey-80 u-text-1\" data-animation-name=\"fadeIn\" data-animation-duration=\"2000\" data-animation-delay=\"0\">Na\u0161\u00edm c\u00edlem je poskytnout sv\u00fdm klient\u016fm akutn\u00ed i preventivn\u00ed urologicko\u200bu p\u00e9\u010di.<\/p>\n              <a href=\"https:\/\/www.urologienachod.cz\/index.php\/kontakty\/\" class=\"u-border-none u-btn u-btn-round u-button-style u-custom-color-3 u-custom-font u-heading-font u-hover-custom-color-4 u-radius-30 u-text-body-alt-color u-btn-1\" data-animation-name=\"fadeIn\" data-animation-duration=\"2000\" data-animation-delay=\"0\" data-animation-direction=\"\">kontakt<\/a>\n            <\/div>\n          <\/div>\n          <div class=\"u-carousel-item u-container-style u-image u-shading u-slide u-image-3\" data-image-width=\"2560\" data-image-height=\"1707\">\n            <div class=\"u-container-layout u-container-layout-2\">\n              <h5 class=\"u-text u-text-grey-80 u-text-2\" data-animation-name=\"fadeIn\" data-animation-duration=\"2000\" data-animation-delay=\"0\" data-animation-direction=\"\">KDE N\u00c1s najdete ?<\/h5>\n              <h5 class=\"u-text u-text-grey-80 u-text-3\" data-animation-name=\"fadeIn\" data-animation-duration=\"2000\" data-animation-delay=\"0\" data-animation-direction=\"\">NAJDETE N\u00c1S HNED VEDLE M\u011aSTSK\u00c9HO \u00da\u0158ADU&nbsp;<\/h5>\n              <h5 class=\"u-text u-text-grey-80 u-text-4\" data-animation-name=\"fadeIn\" data-animation-duration=\"2000\" data-animation-delay=\"0\"> N\u011bmcov\u00e9 738\/100,547 01&nbsp;<br>N\u00e1chod\n              <\/h5>\n              <a href=\"https:\/\/www.google.com\/maps\/place\/N%C4%9Bmcov%C3%A9+738,+547+01+N%C3%A1chod,+%C4%8Cesko\/@50.412639,16.162305,16z\/data=!4m5!3m4!1s0x470e6513bf937337:0xe278915f01703185!8m2!3d50.4126385!4d16.1623045?hl=cs-CZ\" class=\"u-border-none u-btn u-btn-round u-button-style u-custom-color-3 u-hover-custom-color-4 u-radius-50 u-btn-2\" data-animation-name=\"fadeIn\" data-animation-duration=\"2000\" data-animation-delay=\"0\" data-animation-direction=\"\">mapa<\/a>\n            <\/div>\n          <\/div>\n        <\/div>\n        <a class=\"u-absolute-vcenter u-carousel-control u-carousel-control-prev u-spacing-5 u-text-grey-90 u-carousel-control-1\" href=\"#carousel-1540\" role=\"button\" data-u-slide=\"prev\">\n          <span aria-hidden=\"true\">\n            <svg viewBox=\"0 0 477.175 477.175\"><path d=\"M145.188,238.575l215.5-215.5c5.3-5.3,5.3-13.8,0-19.1s-13.8-5.3-19.1,0l-225.1,225.1c-5.3,5.3-5.3,13.8,0,19.1l225.1,225\n                    c2.6,2.6,6.1,4,9.5,4s6.9-1.3,9.5-4c5.3-5.3,5.3-13.8,0-19.1L145.188,238.575z\"><\/path><\/svg>\n          <\/span>\n          <span class=\"sr-only\">Previous<\/span>\n        <\/a>\n        <a class=\"u-absolute-vcenter u-carousel-control u-carousel-control-next u-spacing-5 u-text-grey-90 u-carousel-control-2\" href=\"#carousel-1540\" role=\"button\" data-u-slide=\"next\">\n          <span aria-hidden=\"true\">\n            <svg viewBox=\"0 0 477.175 477.175\"><path d=\"M360.731,229.075l-225.1-225.1c-5.3-5.3-13.8-5.3-19.1,0s-5.3,13.8,0,19.1l215.5,215.5l-215.5,215.5\n                    c-5.3,5.3-5.3,13.8,0,19.1c2.6,2.6,6.1,4,9.5,4c3.4,0,6.9-1.3,9.5-4l225.1-225.1C365.931,242.875,365.931,234.275,360.731,229.075z\"><\/path><\/svg>\n          <\/span>\n          <span class=\"sr-only\">Next<\/span>\n        <\/a>\n      <\/div>\n    <\/section>\n    <section class=\"u-clearfix u-image u-shading u-section-3\" id=\"sec-b709\" data-image-width=\"1738\" data-image-height=\"682\">\n      <div class=\"u-clearfix u-sheet u-valign-middle-lg u-valign-middle-md u-valign-middle-xs u-sheet-1\">\n        <h4 class=\"u-text u-text-default u-text-1\">\n          <span style=\"font-weight: 700;\" class=\"u-text-grey-80\">Neuromodula\u010dn\u00ed syst\u00e9m&nbsp;<br>\n            <span class=\"u-text-custom-color-6\">URIS\u00aeSample<\/span> Headline\n          <\/span>\n        <\/h4>\n        <a href=\"https:\/\/www.urologienachod.cz\/wp-content\/uploads\/2026\/03\/STIMVIA-A5-brozura.pdf\" class=\"u-border-none u-btn u-btn-round u-button-style u-custom-color-6 u-file-link u-hover-custom-color-3 u-radius-50 u-btn-1\">v\u00edce info<\/a>\n      <\/div>\n    <\/section>\n    <section class=\"u-clearfix u-section-4\" id=\"sec-f821\">\n      <div class=\"u-clearfix u-sheet u-valign-middle-lg u-valign-middle-md u-valign-middle-sm u-valign-middle-xs u-sheet-1\">\n        <div class=\"u-clearfix u-expanded-width u-layout-wrap u-layout-wrap-1\">\n          <div class=\"u-layout\" style=\"\">\n            <div class=\"u-layout-row\" style=\"\">\n              <div class=\"u-container-style u-layout-cell u-size-60 u-layout-cell-1\">\n                <div class=\"u-container-layout u-container-layout-1\">\n                  <h2 class=\"u-align-center-md u-align-center-sm u-align-center-xs u-text u-text-grey-75 u-text-1\">NOVINKY A UPOZORN\u011aN\u00cd<\/h2>\n                  <p class=\"u-text u-text-2\">27.3 - 17.4.2026 - MUDr Ry\u0161\u00e1nkov\u00e1 neordinuje<\/p>\n                <\/div>\n              <\/div>\n            <\/div>\n          <\/div>\n        <\/div>\n      <\/div>\n    <\/section>\n    <section class=\"u-clearfix u-section-5\" id=\"sec-e4b7\">\n      <div class=\"u-clearfix u-sheet u-valign-middle-md u-valign-middle-sm u-valign-middle-xl u-valign-middle-xs u-sheet-1\">\n        <div class=\"u-clearfix u-expanded-width u-gutter-20 u-layout-wrap u-layout-wrap-1\">\n          <div class=\"u-layout\">\n            <div class=\"u-layout-row\">\n              <div class=\"u-container-style u-custom-color-1 u-layout-cell u-opacity u-opacity-65 u-radius-50 u-shape-round u-size-30 u-layout-cell-1\">\n                <div class=\"u-container-layout u-container-layout-1\">\n                  <h1 class=\"u-custom-item u-text u-text-black u-text-default u-text-1\"> Objednat se m\u016f\u017eete<\/h1>\n                  <p class=\"u-align-center u-custom-item u-text u-text-black u-text-2\"> Jako&nbsp;<span style=\"font-weight: 700;\">nov\u00fd pacient<\/span>&nbsp;se m\u016f\u017eete objednat p\u0159es Email a telefon:<br>\n                    <a href=\"mailto:ordinace@urologienachod.cz\" class=\"u-active-none u-border-none u-btn u-button-link u-button-style u-hover-none u-none u-text-palette-1-base u-btn-1\">ordinace@urologienachod.cz&nbsp;<\/a>\/ <a href=\"tel:737253989\" class=\"u-active-none u-border-none u-btn u-button-link u-button-style u-hover-none u-none u-text-palette-1-base u-btn-2\">737253989<\/a>\n                    <br>\n                    <br>nebo p\u0159es objedn\u00e1vac\u00ed syst\u00e9m MEDISTAR\n                  <\/p>\n                  <a href=\"https:\/\/cal.cgm-medistar.cz\/cal\/WKUz9\" class=\"u-border-none u-btn u-btn-round u-button-style u-color-scheme-summer-time u-color-style-multicolor-1 u-custom-color-4 u-custom-item u-radius-50 u-btn-3\">medistar<\/a>\n                  <p class=\"u-align-center u-text u-text-3\">\n                    <span class=\"u-text-black\">\n                      <span style=\"font-weight: 700;\">nov\u00fd pacient<\/span>&nbsp;- (nikdy p\u0159edt\u00edm u n\u00e1s ne\u200bvy\u0161et\u0159en\u00ed nebo bez kontroly d\u00e9le jak 2 roky)\n                    <\/span>\n                  <\/p>\n                <\/div>\n              <\/div>\n              <div class=\"u-container-style u-custom-color-1 u-layout-cell u-opacity u-opacity-65 u-radius-50 u-shape-round u-size-30 u-layout-cell-2\">\n                <div class=\"u-container-layout u-valign-top-md u-valign-top-sm u-valign-top-xs u-container-layout-2\">\n                  <h1 class=\"u-align-center-lg u-align-center-md u-align-center-sm u-align-center-xs u-custom-item u-text u-text-black u-text-default-lg u-text-default-xl u-text-4\"> Objednat se m\u016f\u017eete<\/h1>\n                  <p class=\"u-align-center u-custom-item u-text u-text-black u-text-5\"> Jako&nbsp;<span style=\"font-weight: 700;\">st\u00e1vaj\u00edc\u00ed pacient<\/span>&nbsp;<i style=\"\">(zm\u011bna term\u00ednu kontroly, recepty\/poukazy, v\u00fdsledky vy\u0161et\u0159en\u00ed)<\/i><i style=\"\">&nbsp;<\/i>se m\u016f\u017eete objednat p\u0159es objedn\u00e1vac\u00ed syst\u00e9m MEDIVO:<br>\n                  <\/p>\n                  <div class=\"u-align-center u-clearfix u-custom-html u-custom-html-1\">\n                    <a href=\"https:\/\/my.medevio.cz\/urologie-nachod\/\" target=\"_blank\">\n                      <img loading=\"lazy\" decoding=\"async\" src=\"https:\/\/static.medevio.cz\/clinic-banners\/banner@2x.png\" width=\"421\" height=\"203\" alt=\"Pokra\u010dovat na Medevio\" style=\"max-width:100%;height:auto;\">\n                    <\/a>\n                    <br>\n                    <br>\n                  <\/div>\n                <\/div>\n              <\/div>\n            <\/div>\n          <\/div>\n        <\/div>\n      <\/div>\n    <\/section>\n    <section class=\"u-clearfix u-section-6\" id=\"sec-b1fc\">\n      <div class=\"u-clearfix u-sheet u-sheet-1\">\n        <div class=\"u-clearfix u-expanded-width-lg u-expanded-width-md u-expanded-width-sm u-expanded-width-xl u-layout-wrap u-layout-wrap-1\">\n          <div class=\"u-layout\">\n            <div class=\"u-layout-col\">\n              <div class=\"u-container-style u-layout-cell u-size-60 u-layout-cell-1\">\n                <div class=\"u-container-layout u-container-layout-1\">\n                  <h2 class=\"u-text u-text-grey-75 u-text-1\">ORDINA\u010cN\u00cd HODINY <\/h2>\n                  <div class=\"u-align-center u-expanded-width-xs u-table u-table-responsive u-table-1\">\n                    <table class=\"u-table-entity\">\n                      <colgroup>\n                        <col width=\"8.2%\">\n                        <col width=\"20.7%\">\n                        <col width=\"51.4%\">\n                        <col width=\"19.7%\">\n                      <\/colgroup>\n                      <tbody class=\"u-table-body\">\n                        <tr style=\"height: 42px;\">\n                          <td class=\"u-custom-font u-heading-font u-table-cell u-text-custom-color-4 u-table-cell-1\">PO<\/td>\n                          <td class=\"u-custom-font u-heading-font u-table-cell u-table-cell-2\">&nbsp; 7:00 <span class=\"u-text-black\">- 15:30<\/span>\n                          <\/td>\n                          <td class=\"u-custom-font u-heading-font u-table-cell u-text-black u-table-cell-3\">akutn\u00ed pacienti a objednan\u00ed<br>jen objednan\u00ed pacienti, v\u00fdkony a v\u00fdjezdy\n                          <\/td>\n                          <td class=\"u-custom-font u-heading-font u-table-cell u-table-cell-4\">MUDr. HURTOV\u00c1<br>s. Ko\u0161\u0165\u00e1lov\u00e1\n                          <\/td>\n                        <\/tr>\n                        <tr style=\"height: 56px;\">\n                          <td class=\"u-custom-font u-heading-font u-table-cell u-text-custom-color-4 u-table-cell-5\">\u00daT<\/td>\n                          <td class=\"u-custom-font u-heading-font u-table-cell u-table-cell-6\">&nbsp; 7:00&nbsp;<span class=\"u-text-black\">- 15:30<\/span>\n                          <\/td>\n                          <td class=\"u-custom-font u-heading-font u-table-cell u-table-cell-7\">akutn\u00ed pacienti a objednan\u00ed<br>\n                            <span class=\"u-text-black\">jen objednan\u00ed pacienti, v\u00fdkony a v\u00fdjezdy<\/span>\n                          <\/td>\n                          <td class=\"u-custom-font u-heading-font u-table-cell u-table-cell-8\">MUDr. HURTOV\u00c1<br>s. Selicharov\u00e1\n                          <\/td>\n                        <\/tr>\n                        <tr style=\"height: 56px;\">\n                          <td class=\"u-custom-font u-heading-font u-table-cell u-text-custom-color-4 u-table-cell-9\">ST<\/td>\n                          <td class=\"u-custom-font u-heading-font u-table-cell u-table-cell-10\">&nbsp; 7:00 - 15:30<\/td>\n                          <td class=\"u-custom-font u-heading-font u-table-cell u-table-cell-11\">\n                            <span style=\"font-weight: 700;\" class=\"u-text-palette-2-base\">JEN LICH\u00c9 T\u00ddDNY<br>\n                            <\/span>v\u00fdkony a objednan\u00ed pacienti\n                          <\/td>\n                          <td class=\"u-custom-font u-heading-font u-table-cell u-table-cell-12\">MUDr. HURTOV\u00c1<br>s. Selicharov\u00e1\n                          <\/td>\n                        <\/tr>\n                        <tr style=\"height: 41px;\">\n                          <td class=\"u-custom-font u-heading-font u-table-cell u-text-custom-color-4 u-table-cell-13\">\u010cT<\/td>\n                          <td class=\"u-table-cell\"><\/td>\n                          <td class=\"u-custom-font u-heading-font u-table-cell u-text-palette-2-base u-table-cell-15\">NEORDINUJEME<\/td>\n                          <td class=\"u-table-cell\"><\/td>\n                        <\/tr>\n                        <tr style=\"height: 56px;\">\n                          <td class=\"u-custom-font u-heading-font u-table-cell u-text-custom-color-4 u-table-cell-17\">P\u00c1<\/td>\n                          <td class=\"u-custom-font u-heading-font u-table-cell u-table-cell-18\">&nbsp; 7:00&nbsp;<span class=\"u-text-black\">- 14:30<\/span>\n                          <\/td>\n                          <td class=\"u-custom-font u-heading-font u-table-cell u-table-cell-19\">akutn\u00ed pacienti a objednan\u00ed<br>jen objednan\u00ed pacienti a v\u00fdkony\n                          <\/td>\n                          <td class=\"u-custom-font u-heading-font u-table-cell u-table-cell-20\">MUDr. RY\u0160\u00c1NKOV\u00c1<br> s. Ko\u0161\u0165\u00e1lov\u00e1\n                          <\/td>\n                        <\/tr>\n                      <\/tbody>\n                    <\/table>\n                  <\/div>\n                <\/div>\n              <\/div>\n            <\/div>\n          <\/div>\n        <\/div>\n      <\/div>\n    <\/section>\n    <section class=\"u-align-center-md u-align-center-sm u-align-center-xs u-clearfix u-white u-section-7\" id=\"sec-35f5\">\n      <div class=\"u-clearfix u-sheet u-sheet-1\">\n        <div class=\"u-clearfix u-expanded-width u-gutter-14 u-layout-wrap u-layout-wrap-1\">\n          <div class=\"u-layout\">\n            <div class=\"u-layout-row\">\n              <div class=\"u-container-style u-layout-cell u-radius-50 u-shape-round u-size-30 u-layout-cell-1\">\n                <div class=\"u-border-16 u-border-custom-color-1 u-container-layout u-valign-middle-xs u-container-layout-1\">\n                  <p class=\"u-text u-text-1\">\n                    <span class=\"u-text-grey-75\">\n                      <span style=\"font-weight: 700;\">Urologick\u00e1 ambulance<\/span>\n                      <br>Poliklinika<br>N\u011bmcov\u00e9 738\/100<br>547 01 N\u00e1chod 1<br>email:&nbsp;<span style=\"font-weight: 700;\">\n                        <a href=\"mailto:ordinace@urologienachod.cz\" class=\"u-active-none u-border-none u-btn u-button-link u-button-style u-hover-none u-none u-text-custom-color-3 u-btn-1\">ordinace@urologienachod.cz<\/a>\n                      <\/span>\n                      <br>tel: <span style=\"font-weight: 700;\">737253989<\/span>\n                    <\/span>\n                    <br>\n                  <\/p>\n                <\/div>\n              <\/div>\n              <div class=\"u-container-style u-layout-cell u-size-30 u-layout-cell-2\">\n                <div class=\"u-container-layout u-valign-middle u-container-layout-2\">\n                  <div class=\"u-expanded u-grey-10 u-map\">\n                    <div class=\"embed-responsive\">\n                      <iframe class=\"embed-responsive-item\" src=\"\/\/maps.google.com\/maps?output=embed&amp;q=N%C4%9Bmcov%C3%A9%20738%2F100%2C547%2001%20N%C3%A1chod&amp;t=m\" data-map=\"JTdCJTIycG9zaXRpb25UeXBlJTIyJTNBJTIybWFwLWFkZHJlc3MlMjIlMkMlMjJhZGRyZXNzJTIyJTNBJTIyTiVDNCU5Qm1jb3YlQzMlQTklMjA3MzglMkYxMDAlMkM1NDclMjAwMSUyME4lQzMlQTFjaG9kJTIyJTJDJTIyem9vbSUyMiUzQW51bGwlMkMlMjJ0eXBlSWQlMjIlM0ElMjJyb2FkJTIyJTJDJTIybGFuZyUyMiUzQW51bGwlMkMlMjJhcGlLZXklMjIlM0FudWxsJTJDJTIybWFya2VycyUyMiUzQSU1QiU1RCU3RA==\"><\/iframe>\n                    <\/div>\n                  <\/div>\n                <\/div>\n              <\/div>\n            <\/div>\n          <\/div>\n        <\/div>\n      <\/div>\n    <\/section>\n    <section class=\"u-clearfix u-section-8\" id=\"sec-8736\">\n      <div class=\"u-clearfix u-sheet u-sheet-1\"><\/div>\n    <\/section>\n    <section class=\"u-align-left u-clearfix u-section-9\" id=\"sec-0cce\">\n      <div class=\"u-clearfix u-sheet u-sheet-1\"><\/div>\n    <\/section>\n    \n    \n    \n    \n  \n","protected":false},"excerpt":{"rendered":"<p>Na\u0161\u00edm c\u00edlem je poskytnout sv\u00fdm klient\u016fm akutn\u00ed i preventivn\u00ed urologicko\u200bu p\u00e9\u010di. kontakt KDE N\u00c1s najdete ? NAJDETE N\u00c1S HNED VEDLE M\u011aSTSK\u00c9HO \u00da\u0158ADU&nbsp; N\u011bmcov\u00e9 738\/100,547 01&nbsp;N\u00e1chod mapa Previous Next Neuromodula\u010dn\u00ed syst\u00e9m&nbsp; URIS\u00aeSample Headline v\u00edce info NOVINKY A UPOZORN\u011aN\u00cd 27.3 &#8211; 17.4.2026 &#8211; MUDr Ry\u0161\u00e1nkov\u00e1 neordinuje Objednat se m\u016f\u017eete Jako&nbsp;nov\u00fd pacient&nbsp;se m\u016f\u017eete objednat p\u0159es Email a telefon: &hellip; <a href=\"https:\/\/www.urologienachod.cz\/\" class=\"more-link\">Continue reading<span class=\"screen-reader-text\"> &#8222;Urologie N\u00e1chod&#8220;<\/span><\/a><\/p>\n","protected":false},"author":1,"featured_media":0,"parent":0,"menu_order":2,"comment_status":"closed","ping_status":"closed","template":"","meta":{"footnotes":""},"class_list":["post-84","page","type-page","status-publish","hentry"],"_links":{"self":[{"href":"https:\/\/www.urologienachod.cz\/index.php\/wp-json\/wp\/v2\/pages\/84","targetHints":{"allow":["GET"]}}],"collection":[{"href":"https:\/\/www.urologienachod.cz\/index.php\/wp-json\/wp\/v2\/pages"}],"about":[{"href":"https:\/\/www.urologienachod.cz\/index.php\/wp-json\/wp\/v2\/types\/page"}],"author":[{"embeddable":true,"href":"https:\/\/www.urologienachod.cz\/index.php\/wp-json\/wp\/v2\/users\/1"}],"replies":[{"embeddable":true,"href":"https:\/\/www.urologienachod.cz\/index.php\/wp-json\/wp\/v2\/comments?post=84"}],"version-history":[{"count":79,"href":"https:\/\/www.urologienachod.cz\/index.php\/wp-json\/wp\/v2\/pages\/84\/revisions"}],"predecessor-version":[{"id":426,"href":"https:\/\/www.urologienachod.cz\/index.php\/wp-json\/wp\/v2\/pages\/84\/revisions\/426"}],"wp:attachment":[{"href":"https:\/\/www.urologienachod.cz\/index.php\/wp-json\/wp\/v2\/media?parent=84"}],"curies":[{"name":"wp","href":"https:\/\/api.w.org\/{rel}","templated":true}]}}