{"id":174,"date":"2021-03-25T18:41:25","date_gmt":"2021-03-25T18:41:25","guid":{"rendered":"https:\/\/www.urologienachod.cz\/?page_id=174"},"modified":"2025-04-23T14:25:46","modified_gmt":"2025-04-23T14:25:46","slug":"informace-pro-klienty","status":"publish","type":"page","link":"https:\/\/www.urologienachod.cz\/index.php\/informace-pro-klienty\/","title":{"rendered":"informace pro klienty"},"content":{"rendered":"\n    \n    <section class=\"u-clearfix u-image u-shading u-section-2\" id=\"sec-d59d\" data-image-width=\"2560\" data-image-height=\"1636\">\n      <div class=\"u-clearfix u-sheet u-valign-middle u-sheet-1\">\n        <h1 class=\"u-text u-text-default-lg u-text-default-md u-text-default-sm u-text-default-xl u-text-grey-80 u-title u-text-1\" data-animation-name=\"fadeIn\" data-animation-duration=\"2000\" data-animation-delay=\"0\">INFORMACE PRO KLIENTY <\/h1>\n        <img decoding=\"async\" class=\"u-image u-image-default u-image-1\" src=\"https:\/\/www.urologienachod.cz\/wp-content\/uploads\/2022\/03\/UNachodRGB-1.png\" alt=\"\" data-image-width=\"2362\" data-image-height=\"709\">\n      <\/div>\n    <\/section>\n    <section class=\"u-align-center u-clearfix u-section-3\" id=\"sec-c533\">\n      <div class=\"u-clearfix u-sheet u-sheet-1\">\n        <div class=\"u-expanded-width-lg u-expanded-width-md u-expanded-width-sm u-expanded-width-xl u-tab-links-align-justify u-tabs u-tabs-1\">\n          <ul class=\"u-border-1 u-border-grey-25 u-tab-list u-unstyled\" role=\"tablist\">\n            <li class=\"u-tab-item\" role=\"presentation\">\n              <a class=\"active u-button-style u-custom-font u-font-roboto u-tab-link u-text-active-custom-color-6 u-text-custom-color-4 u-text-hover-custom-color-1 u-tab-link-1\" id=\"link-tab-0da5\" href=\"#tab-0da5\" role=\"tab\" aria-controls=\"tab-0da5\" aria-selected=\"true\">DIETA P\u0158I UROLITHIASE <\/a>\n            <\/li>\n            <li class=\"u-tab-item\" role=\"presentation\">\n              <a class=\"u-button-style u-custom-font u-font-roboto u-tab-link u-text-active-custom-color-6 u-text-custom-color-4 u-text-hover-custom-color-1 u-tab-link-2\" id=\"link-tab-2917\" href=\"#tab-2917\" role=\"tab\" aria-controls=\"tab-2917\" aria-selected=\"false\">SPERMIOGRAM<\/a>\n            <\/li>\n            <li class=\"u-tab-item\" role=\"presentation\">\n              <a class=\"u-button-style u-custom-font u-font-roboto u-tab-link u-text-active-custom-color-6 u-text-custom-color-4 u-text-hover-custom-color-1 u-tab-link-3\" id=\"link-tab-14b7\" href=\"#tab-14b7\" role=\"tab\" aria-controls=\"tab-14b7\" aria-selected=\"false\">POU\u010cEN\u00cd K V\u00ddKONU<\/a>\n            <\/li>\n          <\/ul>\n          <div class=\"u-tab-content\">\n            <div class=\"u-align-left u-container-style u-tab-active u-tab-pane u-white u-tab-pane-1\" id=\"tab-0da5\" role=\"tabpanel\" aria-labelledby=\"link-tab-0da5\">\n              <div class=\"u-container-layout u-container-layout-1\">\n                <h1 class=\"u-align-center u-text u-title u-text-1\" data-animation-name=\"fadeIn\" data-animation-duration=\"2000\" data-animation-delay=\"0\"> DIETA P\u0158I UROLITHIASE <\/h1>\n                <p class=\"u-text u-text-2\"> L\u00e9\u010d\u00edte se s&nbsp;ledvinov\u00fdmi kameny? <br>\n                  <br>Ledvinov\u00fd k\u00e1men  vznik\u00e1 shlukov\u00e1n\u00edm krystalk\u016f v&nbsp;mo\u010di, je v\u00edce typ\u016f kamen\u016f podle jejich chemick\u00e9ho slo\u017een\u00ed. <br>D\u016fvod\u016f je pov\u00edcero a ka\u017ed\u00fd pacient m\u016f\u017ee m\u00edt jinou kombinaci p\u0159\u00ed\u010din vzniku kamen\u016f. <br>Nej\u010dast\u011bj\u0161\u00edm d\u016fvodem je , kdy\u017e  je mo\u010d dlouhodob\u011b koncentrovan\u00e1 p\u0159i nedostate\u010dn\u00e9m pitn\u00e9m re\u017eimu.  Pot\u0159eba p\u0159\u00edjmu tekutin by m\u011bla b\u00fdt takov\u00e1, aby mo\u010d byla sv\u011btl\u00e9 barvy a v\u00fddej mo\u010di okolo 1,5 l denn\u011b. Tak\u017ee p\u0159i zv\u00fd\u0161en\u00e9m v\u00fddeji tekutin jako pocen\u00ed, pr\u016fjem se pot\u0159eba p\u0159\u00edjmu vody zvy\u0161uje. K&nbsp;dosa\u017een\u00ed pitn\u00e9ho re\u017eimu je nutno zkombinovat pod\u00edl alespo\u0148 50% \u010dist\u00e9 vody, zbytek n\u00e1poje obsahuj\u00edc\u00ed vit C, vit B, m\u00e1lo cukru a l\u00e9pe vody nesycen\u00e9.  Pozor na miner\u00e1ln\u00ed vody, vhodn\u00e9 jsou jen ty s&nbsp;obsahem ho\u0159\u010d\u00edku, kter\u00fd  zabra\u0148uje shlukov\u00e1n\u00ed krystal\u016f. K&nbsp;rozpou\u0161t\u011bn\u00ed ur\u00e1tov\u00fdch kamen\u016f se doporu\u010duje z\u00e1sadotvorn\u00e1 B\u00edlinsk\u00e1 kyselka. Pokud m\u00e1te r\u00e1di d\u017eusy, tak s&nbsp;nimi opatrn\u011b a vhodn\u00e9 je jejich na\u0159ed\u011bn\u00ed vodou.  V&nbsp;mal\u00e9m mno\u017estv\u00ed je prosp\u011b\u0161n\u00e9 i pivo s&nbsp;jeho alkalizuj\u00edc\u00ed reakc\u00ed. K\u00e1va ve v\u011bt\u0161\u00edm mno\u017estv\u00ed  m\u00e1 mo\u010dopudn\u00e9 \u00fa\u010dinky a m\u011bla by se pod\u00e1vat se sklenic\u00ed vody, aby se p\u0159ede\u0161lo p\u0159\u00edpadn\u00e9mu odvodn\u011bn\u00ed organismu. Vhodn\u00e9 jsou bylinkov\u00e9 \u010daje pro jejich detoxika\u010dn\u00ed , diuretick\u00fd, antiseptick\u00fd, mnohdy i spasmolytick\u00fd a analgetick\u00fd \u00fa\u010dinek, v&nbsp;l\u00e9k\u00e1rn\u011b jist\u011b s&nbsp;v\u00fdb\u011brem porad\u00ed. <br>\n                  <br>D\u00e1le se pod\u00edl\u00ed na tvorb\u011b kamen\u016f vy\u0161\u0161\u00ed koncentrace r\u016fzn\u00fdch druh\u016f miner\u00e1l\u016f p\u0159i jejich nadbytku v&nbsp;organismu  p\u0159i jejich opakovan\u00e9m vysok\u00e9m p\u0159\u00edjmu stravou \/ jednotv\u00e1rn\u00e1 strava bohat\u00e1 na \u017eivo\u010di\u0161n\u00e9 b\u00edlkoviny, tuky, p\u0159isolov\u00e1n\u00ed, pou\u017e\u00edv\u00e1n\u00ed chemick\u00fdch dochucovadel\/, l\u00e9ky  \/ nyn\u00ed zn\u00e1m\u00fd ispoprinosin\u2026\/nebo p\u0159i  metabolick\u00fdch  procesech jin\u00fdch chorob \/hyperurikemie, Crohnova choroba, leukemie, zv\u011bt\u0161en\u00ed p\u0159\u00ed\u0161t\u00edtn\u00fdch t\u011bl\u00edsek a mnoho dal\u0161\u00edch\/. <br> Zv\u00fd\u0161en\u00ed tvorby krystal\u016f tak\u00e9 podporuje zhor\u0161en\u00fd pr\u016ftok mo\u010di mo\u010dov\u00fdmi cestami , jak vrozen\u00fdm anatomick\u00fdmi pom\u011bry, tak i druhotn\u00fdmi zm\u011bnami p\u0159i onemocn\u011bn\u00edch mo\u010dov\u00fdch cest . <br>Zm\u00ednit tak\u00e9 nutno dlouhodob\u00e9 omezen\u00ed pohybov\u00e9 aktivity, p\u0159i kter\u00e9 se v\u00e1pn\u00edk vyplavuje z&nbsp;kost\u00ed a zvy\u0161uje se tak jeho vylu\u010dov\u00e1n\u00ed <br>\n                  <br>Nej\u010dast\u011bji se objevuje ledvinov\u00fd k\u00e1men slo\u017een\u00fd ze \u0161\u0165avelanu v\u00e1penat\u00e9ho \u2013 whewellit, whedellit. <br>V&nbsp;r\u00e1mci dietn\u00edch opat\u0159en\u00ed je vhodn\u00e9 omezen\u00ed potravin s vysok\u00fdm obsahem \u0161\u0165avelan\u016f. <br>\u0161pen\u00e1t, rebarbora, \u010derven\u00e1 \u0159epa, fazole, mrkev, hroznov\u00e9 v\u00edno, bor\u016fvky,  citrusy, kakao a \u010dokol\u00e1da, sojov\u00e9 v\u00fdrobky \/ tofu a tempeh\/. Pozor dejte i na vitam\u00edn C, kter\u00fd v t\u011ble \u0161\u0165avelany vytv\u00e1\u0159\u00ed. <br> Pozor na p\u0159\u00edjem v\u00e1pn\u00edku. M\u011bl by b\u00fdt vyv\u00e1\u017een\u00fd, v&nbsp;mal\u00fdch  porc\u00edch a \u010dast\u011bji,  okolo 600mg denn\u011b.  Nelze jej zcela omezit pro vznik t\u011b\u017ek\u00fdch zdravotn\u00edch pot\u00ed\u017e\u00ed v\u010detn\u011b osteoporozy a tetanick\u00fdch k\u0159e\u010d\u00ed. <br>Pozor tak\u00e9 na zv\u00fd\u0161enou konzumaci vitaminu D (s\u00e1dlo, slanina, vaje\u010dn\u00e9 \u017eloutky, kavi\u00e1r, sardinky, losos\u2026), kter\u00fd zvy\u0161uje hladinu v\u00e1pn\u00edku v&nbsp;krvi a n\u00e1sledn\u011b mo\u010di. <br>I zde plat\u00ed  obecn\u00e1 doporu\u010den\u00ed zv\u00fd\u0161en\u00e9ho pitn\u00e9ho re\u017eimu, omezen\u00ed soli a zv\u00fd\u0161en\u00e9ho obsahu vl\u00e1kniny v&nbsp;potrav\u011b. <br>\n                  <br>\n                  <br>Kameny slo\u017een\u00e9 ze sol\u00ed kyseliny mo\u010dov\u00e9 \/ ur\u00e1t\/ tr\u00e1p\u00ed mnoho na\u0161ich pacient\u016f hlavn\u011b s&nbsp;p\u0159idru\u017een\u00fdmi chorobami jako  metabolick\u00fd X syndrom \/ hypertenze, cukrovka, porucha lipidov\u00e9ho metabolismu\/, ale tak\u00e9 s&nbsp;vrozenou poruchou metabolismu kyseliny mo\u010dov\u00e9. <br>V&nbsp;dietn\u00edm pl\u00e1nu je zapot\u0159eb\u00ed sn\u00ed\u017eit p\u0159\u00edjem potravin, kter\u00e9 obsahuj\u00ed v\u011bt\u0161\u00ed mno\u017estv\u00ed purin\u016f, hlavn\u011b vnit\u0159nosti \u2013 pa\u0161tiky, v\u00fdvary, lu\u0161t\u011bniny, \u010derven\u00e9 maso \u2013 hov\u011bz\u00ed , vep\u0159ov\u00e9, uzeniny, tu\u010dn\u00e9 potraviny, alkohol. <br>Prosp\u011b\u0161n\u00e9 potraviny podporuj\u00ed z\u00e1sadit\u00fd stav organismu, pat\u0159\u00ed mezi n\u011b zelenina, brambory, ovoce, ml\u00e9\u010dn\u00e9 v\u00fdrobky, tmav\u00e1 mouky. <br>Mezi doporu\u010dovan\u00e9 miner\u00e1ln\u00ed vody podporuj\u00edc\u00ed alkalizaci mo\u010di je B\u00edlinsk\u00e1 kyselka, a Fatra. <br>Trp\u011blivou alkalizac\u00ed mo\u010di se d\u00e1 doc\u00edlit i rozpu\u0161t\u011bn\u00ed ji\u017e vznikl\u00e9ho ur\u00e1tov\u00e9ho  kamene. <br>\n                  <br>Vz\u00e1cn\u011bj\u0161\u00ed druhy kamen\u016f \u2013 struvitov\u00e9 infek\u010dn\u00ed a cystinov\u00e9 kameny svou specializovanou dietu nemaj\u00ed, plat\u00ed pro n\u011b obecn\u00e1 doporu\u010den\u00ed- pitn\u00fd re\u017eim, bylinn\u00e9 \u010daje, prevence infekce mo\u010dov\u00fdch cest. <br>\n                  <br>K&nbsp;prevenci zv\u011bt\u0161ov\u00e1n\u00ed komen\u016f a vzniku nov\u00fdch je vhodn\u00e9 metabolick\u00e9 vy\u0161et\u0159en\u00ed s&nbsp;nastaven\u00edm tzv metafylaxe - soubor opat\u0159en\u00ed k&nbsp;p\u0159edch\u00e1zen\u00ed zhor\u0161en\u00ed choroby. Krom obecn\u00fdch doporu\u010den\u00ed se p\u0159id\u00e1v\u00e1 tak\u00e9 farmakogick\u00e1 podpora \u2013  nap\u0159. magnesium, hydrochlorothiazid, pyridoxin p\u0159i kalcium oxal\u00e1tov\u00fdch kamenech, purinol, uralyt, kalium citr\u00e1t p\u0159i ur\u00e1tov\u00e9 liti\u00e1ze ,  antibakteri\u00e1ln\u00ed l\u00e9\u010dba  p\u0159i struvitov\u00fdch kamenech, zvl\u00e1\u0161tn\u00ed l\u00e9\u010dbu m\u00e1 cystinov\u00fd kam\u00ednek. <br>Urologick\u00e1 l\u00e9\u010dba chirurgick\u00e1 je ur\u010dena k&nbsp;vy\u0159e\u0161en\u00ed st\u00e1vaj\u00edc\u00edch kamen\u016f v&nbsp;oblasti mo\u010dov\u00fdch cest, ale ne\u0159e\u0161\u00ed ve v\u011bt\u0161in\u011b p\u0159\u00edpad\u016f jejich opakovan\u00fd vznik. Proto je d\u016fle\u017eit\u00e9 se na z\u00e1klad\u011b proveden\u00fdch vy\u0161et\u0159en\u00ed \u0159\u00eddit doporu\u010den\u00edmi a p\u0159edch\u00e1zet tak komplikac\u00edm. <br>V\u0161echna dietn\u00ed opat\u0159en\u00ed k&nbsp;prevenci vzniku ledvinov\u00fdch kamen\u016f lze shrnout: dostatek tekutiny, pestrost j\u00eddeln\u00ed\u010dku a v\u0161eho s&nbsp;m\u00edrou.\n                <\/p>\n                <a href=\"https:\/\/www.urologienachod.cz\/wp-content\/uploads\/2022\/04\/Dieta-pri-urolithiase.docx\" class=\"u-border-none u-btn u-btn-round u-button-style u-custom-color-3 u-file-link u-hover-custom-color-1 u-radius-50 u-btn-1\" data-animation-name=\"fadeIn\" data-animation-duration=\"2000\" data-animation-delay=\"0\" data-animation-direction=\"\">ST\u00c1HNOUT .DOC<\/a>\n              <\/div>\n            <\/div>\n            <div class=\"u-align-left u-container-style u-tab-pane u-white u-tab-pane-2\" id=\"tab-2917\" role=\"tabpanel\" aria-labelledby=\"link-tab-2917\">\n              <div class=\"u-container-layout u-container-layout-2\">\n                <h1 class=\"u-align-center u-text u-title u-text-3\" data-animation-name=\"fadeIn\" data-animation-duration=\"2000\" data-animation-delay=\"0\" data-animation-direction=\"\"> SPERMIOGRAM<\/h1>\n                <p class=\"u-text u-text-default-lg u-text-default-md u-text-default-sm u-text-default-xl u-text-4\">\n                  <span style=\"font-size: 0.75rem;\">je vy\u0161et\u0159en\u00ed spermatu pod mikroskopem. Zji\u0161\u0165uje se po\u010det, pohyblivost a tvar spermi\u00ed, d\u00e1le viskozita, rychlost zkapaln\u011bn\u00ed a pH spermatu. <br> P\u0159\u00edprava k odb\u011bru: nutn\u00e1 2-7denn\u00ed sexu\u00e1ln\u00ed abstinence. P\u0159i odb\u011bru doma nutno doru\u010dit k vy\u0161et\u0159en\u00ed do 60min , skladovat v n\u00e1dob\u011b p\u0159i pokojov\u00e9 teplot\u011b. <br>Po\u010det, stav spermi\u00ed a semenn\u00e9 tekutiny b\u011b\u017en\u011b kol\u00eds\u00e1, proto\u017ee sperma se tvo\u0159\u00ed neust\u00e1le a tvorba je ovliv\u0148ov\u00e1na vn\u011bj\u0161\u00edmi vlivy. <br>Je tedy vhodn\u00e9 vy\u0161et\u0159en\u00ed podstoupit 2 - 3 x , v rozmez\u00ed nejm\u00e9n\u011b jednoho t\u00fddne mezi jednotliv\u00fdmi vy\u0161et\u0159en\u00edmi. <br>\n                    <br>V\u00fdsledky spermiogramu: <br>\n                    <br>norm\u00e1ln\u00ed n\u00e1lez se naz\u00fdv\u00e1 normozoospermie: <br>Norm\u00e1ln\u00ed ejakul\u00e1t dle normy WHO <br>Objem 1,5 ml a v\u00edce <br>Koncentrace spermi\u00ed 15 mil\/ml a v\u00edce <br>Morfologie 4% spermi\u00ed a v\u00edce s&nbsp;norm\u00e1ln\u00ed morfologi\u00ed <br>Pohyb 32% spermi\u00ed a v\u00edce s&nbsp;progresivn\u00edm pohybem vp\u0159ed <br>P\u0159\u00edm\u011bs bun\u011bk &lt; 2 <br>pH &gt; 7 <br>&nbsp; <br>patologick\u00e9 n\u00e1lezy: <br>Oligozoospermie -&nbsp;koncentrace spermi\u00ed men\u0161\u00ed ne\u017e 15 mil\/\/ml <br>Asthenozoospermie \u2013 m\u00e9n\u011b ne\u017e 32% spermi\u00ed s&nbsp;progresivn\u00edm pohybem vp\u0159ed <br>Teratozoospermie \u2013 m\u00e9n\u011b ne\u017e 4% spermi\u00ed s&nbsp;norm\u00e1ln\u00ed morfologi\u00ed <br>Oligoasthenoteratozoospermie \u2013 kombinace t\u0159\u00ed p\u0159edchoz\u00edch vad <br>Aspermie \u2013 nep\u0159\u00edtomnost spermi\u00ed v&nbsp;ejakul\u00e1tu <br>\n                    <br>\n                    <br>Faktory ovliv\u0148uj\u00edc\u00ed kvalitu spermi\u00ed: <br>- stres <br>- \u017eivotospr\u00e1va: kou\u0159en\u00ed, alkohol, drogy, obezita, anabolika <br>- k dozr\u00e1v\u00e1n\u00ed spermi\u00ed je nutn\u00e1 ni\u017e\u0161\u00ed teplota ne\u017e celkov\u00e1 teplota t\u011bla, proto dozr\u00e1v\u00e1n\u00ed spermi\u00ed negativn\u011b ovliv\u0148uje i saunov\u00e1n\u00ed, koupele v hork\u00e9 vod\u011b, notebook polo\u017een\u00fd na kl\u00edn\u011b, zapnut\u00fd telefon v kapse u kalhot, tepl\u00e9 a t\u011bsn\u00e9 pr\u00e1dlo\u2026 <br>- v\u00fdvoj spermi\u00ed trv\u00e1 p\u0159ibli\u017en\u011b 72 dn\u016f, proto zm\u011bna rizikov\u00fdch faktur\u016f a prost\u0159ed\u00ed se  projev\u00ed a\u017e po 2-3 m\u011bs\u00edc\u00edch <br>- ke zlep\u0161en\u00ed spermiogramu se doporu\u010duj\u00ed vitam\u00ednov\u00e9 p\u0159\u00edpravky obsahuj\u00edc\u00ed vitam\u00edn C, E, koenzym Q10, B12, kys. listovou, mal\u00e1 mno\u017estv\u00ed kofeinu.&nbsp;\n                  <\/span>\n                  <br>\n                <\/p>\n                <a href=\"https:\/\/www.urologienachod.cz\/wp-content\/uploads\/2022\/04\/spermiogram.odt\" class=\"u-border-none u-btn u-btn-round u-button-style u-custom-color-3 u-file-link u-hover-custom-color-1 u-radius-50 u-btn-2\" data-animation-name=\"fadeIn\" data-animation-duration=\"2000\" data-animation-delay=\"0\" data-animation-direction=\"\">ST\u00c1HNOUT .DOC<\/a>\n              <\/div>\n            <\/div>\n            <div class=\"u-align-left u-container-style u-tab-pane u-white u-tab-pane-3\" id=\"tab-14b7\" role=\"tabpanel\" aria-labelledby=\"link-tab-14b7\">\n              <div class=\"u-container-layout u-container-layout-3\">\n                <p class=\"u-align-center u-custom-font u-font-roboto u-text u-text-5\"> CYSTOSKOPIE<\/p>\n                <a href=\"https:\/\/www.urologienachod.cz\/wp-content\/uploads\/2022\/04\/CYSTOSKOPIE.docx\" class=\"u-border-none u-btn u-btn-round u-button-style u-custom-color-3 u-file-link u-hover-custom-color-1 u-radius-50 u-btn-3\" data-animation-name=\"fadeIn\" data-animation-duration=\"2000\" data-animation-delay=\"0\" data-animation-direction=\"\">ST\u00c1HNOUT .DOC<\/a>\n                <p class=\"u-align-center u-custom-font u-font-roboto u-text u-text-6\"> CIRKUMCISE (ob\u0159\u00edzka)<\/p>\n                <a href=\"https:\/\/www.urologienachod.cz\/wp-content\/uploads\/2022\/04\/CIRKUMCIZE-1.docx\" class=\"u-border-none u-btn u-btn-round u-button-style u-custom-color-3 u-file-link u-hover-custom-color-1 u-radius-50 u-btn-4\" data-animation-name=\"fadeIn\" data-animation-duration=\"2000\" data-animation-delay=\"0\" data-animation-direction=\"\">ST\u00c1HNOUT .DOC<\/a>\n              <\/div>\n            <\/div>\n          <\/div>\n        <\/div>\n      <\/div>\n    <\/section>\n    <section class=\"u-clearfix u-section-4\" id=\"sec-ec01\">\n      <div class=\"u-clearfix u-sheet u-sheet-1\"><\/div>\n    <\/section>\n    <section class=\"u-clearfix u-section-5\" id=\"sec-6d21\">\n      <div class=\"u-clearfix u-sheet u-sheet-1\">\n        <div class=\"u-clearfix u-expanded-width u-layout-wrap u-layout-wrap-1\">\n          <div class=\"u-layout\">\n            <div class=\"u-layout-row\">\n              <div class=\"u-container-style u-layout-cell u-size-30 u-layout-cell-1\">\n                <div class=\"u-container-layout u-container-layout-1\"><\/div>\n              <\/div>\n              <div class=\"u-container-style u-layout-cell u-size-30 u-layout-cell-2\">\n                <div class=\"u-container-layout u-container-layout-2\"><\/div>\n              <\/div>\n            <\/div>\n          <\/div>\n        <\/div>\n      <\/div>\n    <\/section>\n    \n    \n    \n    \n  \n","protected":false},"excerpt":{"rendered":"<p>INFORMACE PRO KLIENTY DIETA P\u0158I UROLITHIASE SPERMIOGRAM POU\u010cEN\u00cd K V\u00ddKONU DIETA P\u0158I UROLITHIASE L\u00e9\u010d\u00edte se s&nbsp;ledvinov\u00fdmi kameny? Ledvinov\u00fd k\u00e1men vznik\u00e1 shlukov\u00e1n\u00edm krystalk\u016f v&nbsp;mo\u010di, je v\u00edce typ\u016f kamen\u016f podle jejich chemick\u00e9ho slo\u017een\u00ed. D\u016fvod\u016f je pov\u00edcero a ka\u017ed\u00fd pacient m\u016f\u017ee m\u00edt jinou kombinaci p\u0159\u00ed\u010din vzniku kamen\u016f. Nej\u010dast\u011bj\u0161\u00edm d\u016fvodem je , kdy\u017e je mo\u010d dlouhodob\u011b koncentrovan\u00e1 p\u0159i nedostate\u010dn\u00e9m &hellip; <a href=\"https:\/\/www.urologienachod.cz\/index.php\/informace-pro-klienty\/\" class=\"more-link\">Continue reading<span class=\"screen-reader-text\"> &#8222;informace pro klienty&#8220;<\/span><\/a><\/p>\n","protected":false},"author":1,"featured_media":0,"parent":0,"menu_order":0,"comment_status":"closed","ping_status":"closed","template":"","meta":{"footnotes":""},"class_list":["post-174","page","type-page","status-publish","hentry"],"_links":{"self":[{"href":"https:\/\/www.urologienachod.cz\/index.php\/wp-json\/wp\/v2\/pages\/174","targetHints":{"allow":["GET"]}}],"collection":[{"href":"https:\/\/www.urologienachod.cz\/index.php\/wp-json\/wp\/v2\/pages"}],"about":[{"href":"https:\/\/www.urologienachod.cz\/index.php\/wp-json\/wp\/v2\/types\/page"}],"author":[{"embeddable":true,"href":"https:\/\/www.urologienachod.cz\/index.php\/wp-json\/wp\/v2\/users\/1"}],"replies":[{"embeddable":true,"href":"https:\/\/www.urologienachod.cz\/index.php\/wp-json\/wp\/v2\/comments?post=174"}],"version-history":[{"count":10,"href":"https:\/\/www.urologienachod.cz\/index.php\/wp-json\/wp\/v2\/pages\/174\/revisions"}],"predecessor-version":[{"id":393,"href":"https:\/\/www.urologienachod.cz\/index.php\/wp-json\/wp\/v2\/pages\/174\/revisions\/393"}],"wp:attachment":[{"href":"https:\/\/www.urologienachod.cz\/index.php\/wp-json\/wp\/v2\/media?parent=174"}],"curies":[{"name":"wp","href":"https:\/\/api.w.org\/{rel}","templated":true}]}}